{"id":2920,"date":"2024-02-08T17:33:00","date_gmt":"2024-02-08T22:33:00","guid":{"rendered":"https:\/\/www.jmjevolution.com\/partenaire\/"},"modified":"2024-10-18T17:37:22","modified_gmt":"2024-10-18T21:37:22","slug":"partners","status":"publish","type":"page","link":"https:\/\/www.jmjevolution.com\/en\/partners\/","title":{"rendered":"Partners"},"content":{"rendered":"\n<div class=\"wp-block-greenshift-blocks-row alignwide gspb_row gspb_row-id-gsbp-99c8aaf\" id=\"gspb_row-id-gsbp-99c8aaf\"><div class=\"gspb_row__content\"> \n<div class=\"wp-block-greenshift-blocks-row-column gspb_row__col--12 gspb_col-id-gsbp-0c419bd\" id=\"gspb_col-id-gsbp-0c419bd\">\n<div class=\"wp-block-greenshift-blocks-container gspb_container gspb_container-gsbp-4b4b9af\" id=\"gspb_container-id-gsbp-4b4b9af\">\n<h1 id=\"gspb_heading-id-gsbp-a8e98fc\" class=\"gspb_heading gspb_heading-id-gsbp-a8e98fc \">Collaboration with major players in the aeronautics industry<\/h1>\n\n\n\n<p style=\"margin-top:3rem;margin-bottom:3rem\">At JMJ \u00c9volution, we&#8217;re proud to work with a network of leading partners in the aerospace industry. Through these strategic partnerships, we are able to provide our customers and candidates with superior opportunities and resources to meet their unique needs.<\/p>\n<\/div>\n\n\n\n<div class=\"wp-block-greenshift-blocks-container alignwide gspb_container gspb_container-gsbp-ef168c8\" id=\"gspb_container-id-gsbp-ef168c8\">\n<div class=\"wp-block-greenshift-blocks-container gspb_container gspb_container-gsbp-6b3461d\" id=\"gspb_container-id-gsbp-6b3461d\">\n<figure class=\"wp-block-image size-full\"><img decoding=\"async\" width=\"204\" height=\"100\" data-src=\"https:\/\/www.jmjevolution.com\/wp-content\/smush-webp\/2024\/02\/sonoca-nb.png.webp\" alt=\"\" class=\"wp-image-447 lazyload\" src=\"data:image\/svg+xml;base64,PHN2ZyB3aWR0aD0iMSIgaGVpZ2h0PSIxIiB4bWxucz0iaHR0cDovL3d3dy53My5vcmcvMjAwMC9zdmciPjwvc3ZnPg==\" style=\"--smush-placeholder-width: 204px; --smush-placeholder-aspect-ratio: 204\/100;\" \/><\/figure>\n<\/div>\n\n\n\n<div class=\"wp-block-greenshift-blocks-container gspb_container gspb_container-gsbp-620530c\" id=\"gspb_container-id-gsbp-620530c\">\n<figure class=\"wp-block-image size-full\"><img decoding=\"async\" width=\"260\" height=\"100\" data-src=\"https:\/\/www.jmjevolution.com\/wp-content\/smush-webp\/2024\/02\/meloche-nb.png.webp\" alt=\"\" class=\"wp-image-444 lazyload\" src=\"data:image\/svg+xml;base64,PHN2ZyB3aWR0aD0iMSIgaGVpZ2h0PSIxIiB4bWxucz0iaHR0cDovL3d3dy53My5vcmcvMjAwMC9zdmciPjwvc3ZnPg==\" style=\"--smush-placeholder-width: 260px; --smush-placeholder-aspect-ratio: 260\/100;\" \/><\/figure>\n<\/div>\n\n\n\n<div class=\"wp-block-greenshift-blocks-container gspb_container gspb_container-gsbp-d2fae29\" id=\"gspb_container-id-gsbp-d2fae29\">\n<figure class=\"wp-block-image size-full\"><img decoding=\"async\" width=\"260\" height=\"100\" data-src=\"https:\/\/www.jmjevolution.com\/wp-content\/smush-webp\/2024\/02\/pratt-nb.png.webp\" alt=\"\" class=\"wp-image-445 lazyload\" src=\"data:image\/svg+xml;base64,PHN2ZyB3aWR0aD0iMSIgaGVpZ2h0PSIxIiB4bWxucz0iaHR0cDovL3d3dy53My5vcmcvMjAwMC9zdmciPjwvc3ZnPg==\" style=\"--smush-placeholder-width: 260px; --smush-placeholder-aspect-ratio: 260\/100;\" \/><\/figure>\n<\/div>\n\n\n\n<div class=\"wp-block-greenshift-blocks-container gspb_container gspb_container-gsbp-92d3d2f\" id=\"gspb_container-id-gsbp-92d3d2f\">\n<figure class=\"wp-block-image size-full\"><img decoding=\"async\" width=\"253\" height=\"100\" data-src=\"https:\/\/www.jmjevolution.com\/wp-content\/smush-webp\/2024\/02\/safran-nb.png.webp\" alt=\"\" class=\"wp-image-446 lazyload\" src=\"data:image\/svg+xml;base64,PHN2ZyB3aWR0aD0iMSIgaGVpZ2h0PSIxIiB4bWxucz0iaHR0cDovL3d3dy53My5vcmcvMjAwMC9zdmciPjwvc3ZnPg==\" style=\"--smush-placeholder-width: 253px; --smush-placeholder-aspect-ratio: 253\/100;\" \/><\/figure>\n<\/div>\n\n\n\n<div class=\"wp-block-greenshift-blocks-container gspb_container gspb_container-gsbp-2661f17\" id=\"gspb_container-id-gsbp-2661f17\">\n<figure class=\"wp-block-image size-full\"><img decoding=\"async\" width=\"289\" height=\"101\" data-src=\"https:\/\/www.jmjevolution.com\/wp-content\/smush-webp\/2024\/02\/lugthansa-nb.png.webp\" alt=\"\" class=\"wp-image-443 lazyload\" src=\"data:image\/svg+xml;base64,PHN2ZyB3aWR0aD0iMSIgaGVpZ2h0PSIxIiB4bWxucz0iaHR0cDovL3d3dy53My5vcmcvMjAwMC9zdmciPjwvc3ZnPg==\" style=\"--smush-placeholder-width: 289px; --smush-placeholder-aspect-ratio: 289\/101;\" \/><\/figure>\n<\/div>\n\n\n\n<div class=\"wp-block-greenshift-blocks-container gspb_container gspb_container-gsbp-f145008\" id=\"gspb_container-id-gsbp-f145008\">\n<figure class=\"wp-block-image size-full\"><img decoding=\"async\" width=\"260\" height=\"100\" data-src=\"https:\/\/www.jmjevolution.com\/wp-content\/smush-webp\/2024\/02\/l3harris-nb.png.webp\" alt=\"\" class=\"wp-image-441 lazyload\" src=\"data:image\/svg+xml;base64,PHN2ZyB3aWR0aD0iMSIgaGVpZ2h0PSIxIiB4bWxucz0iaHR0cDovL3d3dy53My5vcmcvMjAwMC9zdmciPjwvc3ZnPg==\" style=\"--smush-placeholder-width: 260px; --smush-placeholder-aspect-ratio: 260\/100;\" \/><\/figure>\n<\/div>\n\n\n\n<div class=\"wp-block-greenshift-blocks-container gspb_container gspb_container-gsbp-ea5ac6a\" id=\"gspb_container-id-gsbp-ea5ac6a\">\n<figure class=\"wp-block-image size-full\"><img decoding=\"async\" width=\"260\" height=\"100\" data-src=\"https:\/\/www.jmjevolution.com\/wp-content\/smush-webp\/2024\/02\/bombardier-nb.png.webp\" alt=\"\" class=\"wp-image-440 lazyload\" src=\"data:image\/svg+xml;base64,PHN2ZyB3aWR0aD0iMSIgaGVpZ2h0PSIxIiB4bWxucz0iaHR0cDovL3d3dy53My5vcmcvMjAwMC9zdmciPjwvc3ZnPg==\" style=\"--smush-placeholder-width: 260px; --smush-placeholder-aspect-ratio: 260\/100;\" \/><\/figure>\n<\/div>\n\n\n\n<div class=\"wp-block-greenshift-blocks-container gspb_container gspb_container-gsbp-bb98ebc\" id=\"gspb_container-id-gsbp-bb98ebc\">\n<figure class=\"wp-block-image size-full\"><img decoding=\"async\" width=\"232\" height=\"100\" data-src=\"https:\/\/www.jmjevolution.com\/wp-content\/smush-webp\/2024\/02\/babcock-nb.png.webp\" alt=\"\" class=\"wp-image-439 lazyload\" src=\"data:image\/svg+xml;base64,PHN2ZyB3aWR0aD0iMSIgaGVpZ2h0PSIxIiB4bWxucz0iaHR0cDovL3d3dy53My5vcmcvMjAwMC9zdmciPjwvc3ZnPg==\" style=\"--smush-placeholder-width: 232px; --smush-placeholder-aspect-ratio: 232\/100;\" \/><\/figure>\n<\/div>\n\n\n\n<div class=\"wp-block-greenshift-blocks-container gspb_container gspb_container-gsbp-5483813\" id=\"gspb_container-id-gsbp-5483813\">\n<figure class=\"wp-block-image size-full\"><img decoding=\"async\" width=\"198\" height=\"100\" data-src=\"https:\/\/www.jmjevolution.com\/wp-content\/smush-webp\/2024\/02\/aqta-nb.png.webp\" alt=\"\" class=\"wp-image-438 lazyload\" src=\"data:image\/svg+xml;base64,PHN2ZyB3aWR0aD0iMSIgaGVpZ2h0PSIxIiB4bWxucz0iaHR0cDovL3d3dy53My5vcmcvMjAwMC9zdmciPjwvc3ZnPg==\" style=\"--smush-placeholder-width: 198px; --smush-placeholder-aspect-ratio: 198\/100;\" \/><\/figure>\n<\/div>\n\n\n\n<div class=\"wp-block-greenshift-blocks-container gspb_container gspb_container-gsbp-6a5a1e8\" id=\"gspb_container-id-gsbp-6a5a1e8\">\n<figure class=\"wp-block-image size-full\"><img decoding=\"async\" width=\"223\" height=\"100\" data-src=\"https:\/\/www.jmjevolution.com\/wp-content\/smush-webp\/2024\/02\/amec-nb.png.webp\" alt=\"\" class=\"wp-image-437 lazyload\" src=\"data:image\/svg+xml;base64,PHN2ZyB3aWR0aD0iMSIgaGVpZ2h0PSIxIiB4bWxucz0iaHR0cDovL3d3dy53My5vcmcvMjAwMC9zdmciPjwvc3ZnPg==\" style=\"--smush-placeholder-width: 223px; --smush-placeholder-aspect-ratio: 223\/100;\" \/><\/figure>\n<\/div>\n\n\n\n<div class=\"wp-block-greenshift-blocks-container gspb_container gspb_container-gsbp-3fe93b7\" id=\"gspb_container-id-gsbp-3fe93b7\">\n<figure class=\"wp-block-image size-full\"><img decoding=\"async\" width=\"216\" height=\"102\" data-src=\"https:\/\/www.jmjevolution.com\/wp-content\/smush-webp\/2024\/02\/Avior.png.webp\" alt=\"\" class=\"wp-image-162 lazyload\" src=\"data:image\/svg+xml;base64,PHN2ZyB3aWR0aD0iMSIgaGVpZ2h0PSIxIiB4bWxucz0iaHR0cDovL3d3dy53My5vcmcvMjAwMC9zdmciPjwvc3ZnPg==\" style=\"--smush-placeholder-width: 216px; --smush-placeholder-aspect-ratio: 216\/102;\" \/><\/figure>\n<\/div>\n\n\n\n<div class=\"wp-block-greenshift-blocks-container gspb_container gspb_container-gsbp-a7bb0c5\" id=\"gspb_container-id-gsbp-a7bb0c5\">\n<figure class=\"wp-block-image size-full\"><img decoding=\"async\" width=\"260\" height=\"100\" data-src=\"https:\/\/www.jmjevolution.com\/wp-content\/smush-webp\/2024\/10\/STIQ.png.webp\" alt=\"\" class=\"wp-image-3524 lazyload\" src=\"data:image\/svg+xml;base64,PHN2ZyB3aWR0aD0iMSIgaGVpZ2h0PSIxIiB4bWxucz0iaHR0cDovL3d3dy53My5vcmcvMjAwMC9zdmciPjwvc3ZnPg==\" style=\"--smush-placeholder-width: 260px; --smush-placeholder-aspect-ratio: 260\/100;\" \/><\/figure>\n<\/div>\n\n\n\n<div class=\"wp-block-greenshift-blocks-container gspb_container gspb_container-gsbp-5f4e5e4\" id=\"gspb_container-id-gsbp-5f4e5e4\">\n<figure class=\"wp-block-image size-full\"><img decoding=\"async\" width=\"260\" height=\"100\" data-src=\"https:\/\/www.jmjevolution.com\/wp-content\/smush-webp\/2024\/10\/AERO-Montreal.png.webp\" alt=\"\" class=\"wp-image-3526 lazyload\" src=\"data:image\/svg+xml;base64,PHN2ZyB3aWR0aD0iMSIgaGVpZ2h0PSIxIiB4bWxucz0iaHR0cDovL3d3dy53My5vcmcvMjAwMC9zdmciPjwvc3ZnPg==\" style=\"--smush-placeholder-width: 260px; --smush-placeholder-aspect-ratio: 260\/100;\" \/><\/figure>\n<\/div>\n<\/div>\n<\/div>\n <\/div><\/div>\n","protected":false},"excerpt":{"rendered":"","protected":false},"author":1,"featured_media":2861,"parent":0,"menu_order":0,"comment_status":"closed","ping_status":"closed","template":"","meta":{"_acf_changed":false,"_gspb_post_css":"#gspb_row-id-gsbp-99c8aaf{justify-content:space-between;margin-top:0;margin-bottom:0;display:flex;flex-wrap:wrap;padding-right:3rem;padding-left:3rem}#gspb_row-id-gsbp-99c8aaf>.gspb_row__content{display:flex;justify-content:space-between;margin:0 auto;width:100%;flex-wrap:wrap;max-width:1280px}.gspb_row{position:relative}div[id^=gspb_col-id]{box-sizing:border-box;position:relative;padding:15px min(3vw,20px)}@media (max-width:767.98px){#gspb_row-id-gsbp-99c8aaf{padding-right:1.5rem;padding-left:1.5rem}}#gspb_col-id-gsbp-0c419bd.gspb_row__col--12{width:100%}@media (max-width:575.98px){#gspb_col-id-gsbp-0c419bd.gspb_row__col--12{width:100%}}.gspb_row #gspb_col-id-gsbp-0c419bd.gspb_row__col--12{padding:0}.gspb_container-id-gsbp-2661f17,.gspb_container-id-gsbp-333b514,.gspb_container-id-gsbp-3fe93b7,.gspb_container-id-gsbp-4b4b9af,.gspb_container-id-gsbp-5483813,.gspb_container-id-gsbp-5f4e5e4,.gspb_container-id-gsbp-620530c,.gspb_container-id-gsbp-6a5a1e8,.gspb_container-id-gsbp-6b3461d,.gspb_container-id-gsbp-92d3d2f,.gspb_container-id-gsbp-a7bb0c5,.gspb_container-id-gsbp-bb98ebc,.gspb_container-id-gsbp-d2fae29,.gspb_container-id-gsbp-ea5ac6a,.gspb_container-id-gsbp-ef168c8,.gspb_container-id-gsbp-f145008{flex-direction:column;box-sizing:border-box}#gspb_container-id-gsbp-2661f17.gspb_container>p:last-of-type,#gspb_container-id-gsbp-333b514.gspb_container>p:last-of-type,#gspb_container-id-gsbp-3fe93b7.gspb_container>p:last-of-type,#gspb_container-id-gsbp-4b4b9af.gspb_container>p:last-of-type,#gspb_container-id-gsbp-5483813.gspb_container>p:last-of-type,#gspb_container-id-gsbp-5f4e5e4.gspb_container>p:last-of-type,#gspb_container-id-gsbp-620530c.gspb_container>p:last-of-type,#gspb_container-id-gsbp-6a5a1e8.gspb_container>p:last-of-type,#gspb_container-id-gsbp-6b3461d.gspb_container>p:last-of-type,#gspb_container-id-gsbp-92d3d2f.gspb_container>p:last-of-type,#gspb_container-id-gsbp-a7bb0c5.gspb_container>p:last-of-type,#gspb_container-id-gsbp-bb98ebc.gspb_container>p:last-of-type,#gspb_container-id-gsbp-d2fae29.gspb_container>p:last-of-type,#gspb_container-id-gsbp-ea5ac6a.gspb_container>p:last-of-type,#gspb_container-id-gsbp-ef168c8.gspb_container>p:last-of-type,#gspb_container-id-gsbp-f145008.gspb_container>p:last-of-type{margin-bottom:0}#gspb_container-id-gsbp-4b4b9af.gspb_container,#gspb_container-id-gsbp-ef168c8.gspb_container{position:relative}body.gspb-bodyfront #gspb_container-id-gsbp-4b4b9af.gspb_container{width:80%}#gspb_heading-id-gsbp-a8e98fc{color:var(--wp--preset--color--secondary-normal-active, rgb(0, 104, 124));margin-top:0;margin-bottom:0}#gspb_container-id-gsbp-ef168c8.gspb_container{display:grid;grid-template-columns:repeat(4,minmax(0,1fr));row-gap:1.5rem;column-gap:1.5rem}@media (max-width:991.98px){#gspb_container-id-gsbp-ef168c8.gspb_container{grid-template-columns:repeat(2,minmax(0,1fr))}}@media (max-width:767.98px){#gspb_container-id-gsbp-ef168c8.gspb_container{grid-template-columns:repeat(1,minmax(0,1fr))}}#gspb_container-id-gsbp-ef168c8.gspb_container{padding:0}#gspb_container-id-gsbp-620530c.gspb_container,#gspb_container-id-gsbp-6b3461d.gspb_container{position:relative;display:flex;flex-direction:row;justify-content:center;align-items:center;border-style:solid;border-width:1px;border-color:var(--wp--preset--color--neutral-4, rgb(217, 217, 217))}body.gspb-bodyfront #gspb_container-id-gsbp-620530c.gspb_container,body.gspb-bodyfront #gspb_container-id-gsbp-6b3461d.gspb_container,body.gspb-bodyfront #gspb_container-id-gsbp-d2fae29.gspb_container{min-width:200px;max-width:375px;min-height:200px}#gspb_container-id-gsbp-2661f17.gspb_container,#gspb_container-id-gsbp-92d3d2f.gspb_container,#gspb_container-id-gsbp-bb98ebc.gspb_container,#gspb_container-id-gsbp-d2fae29.gspb_container,#gspb_container-id-gsbp-ea5ac6a.gspb_container,#gspb_container-id-gsbp-f145008.gspb_container{position:relative;display:flex;flex-direction:row;justify-content:center;align-items:center;border-style:solid;border-width:1px;border-color:var(--wp--preset--color--neutral-4, rgb(217, 217, 217))}body.gspb-bodyfront #gspb_container-id-gsbp-2661f17.gspb_container,body.gspb-bodyfront #gspb_container-id-gsbp-5483813.gspb_container,body.gspb-bodyfront #gspb_container-id-gsbp-92d3d2f.gspb_container,body.gspb-bodyfront #gspb_container-id-gsbp-bb98ebc.gspb_container,body.gspb-bodyfront #gspb_container-id-gsbp-ea5ac6a.gspb_container,body.gspb-bodyfront #gspb_container-id-gsbp-f145008.gspb_container{min-width:200px;max-width:375px;min-height:200px}#gspb_container-id-gsbp-3fe93b7.gspb_container,#gspb_container-id-gsbp-5483813.gspb_container,#gspb_container-id-gsbp-5f4e5e4.gspb_container,#gspb_container-id-gsbp-6a5a1e8.gspb_container,#gspb_container-id-gsbp-a7bb0c5.gspb_container{position:relative;display:flex;flex-direction:row;justify-content:center;align-items:center;border-style:solid;border-width:1px;border-color:var(--wp--preset--color--neutral-4, rgb(217, 217, 217))}body.gspb-bodyfront #gspb_container-id-gsbp-3fe93b7.gspb_container,body.gspb-bodyfront #gspb_container-id-gsbp-5f4e5e4.gspb_container,body.gspb-bodyfront #gspb_container-id-gsbp-6a5a1e8.gspb_container,body.gspb-bodyfront #gspb_container-id-gsbp-a7bb0c5.gspb_container{min-width:200px;max-width:375px;min-height:200px}#gspb_container-id-gsbp-333b514.gspb_container{position:relative}","inline_featured_image":false,"footnotes":""},"class_list":["post-2920","page","type-page","status-publish","has-post-thumbnail","hentry"],"acf":[],"yoast_head":"<!-- This site is optimized with the Yoast SEO plugin v27.5 - https:\/\/yoast.com\/product\/yoast-seo-wordpress\/ -->\n<title>Partners - JMJ Evolution<\/title>\n<meta name=\"robots\" content=\"index, follow, max-snippet:-1, max-image-preview:large, max-video-preview:-1\" \/>\n<link rel=\"canonical\" href=\"https:\/\/www.jmjevolution.com\/en\/partners\/\" \/>\n<meta property=\"og:locale\" content=\"en_US\" \/>\n<meta property=\"og:type\" content=\"article\" \/>\n<meta property=\"og:title\" content=\"Partners - JMJ Evolution\" \/>\n<meta property=\"og:url\" content=\"https:\/\/www.jmjevolution.com\/en\/partners\/\" \/>\n<meta property=\"og:site_name\" content=\"JMJ Evolution\" \/>\n<meta property=\"article:modified_time\" content=\"2024-10-18T21:37:22+00:00\" \/>\n<meta property=\"og:image\" content=\"https:\/\/www.jmjevolution.com\/wp-content\/uploads\/2024\/03\/AdobeStock_658610022-scaled.jpeg\" \/>\n\t<meta property=\"og:image:width\" content=\"2560\" \/>\n\t<meta property=\"og:image:height\" content=\"1435\" \/>\n\t<meta property=\"og:image:type\" content=\"image\/jpeg\" \/>\n<meta name=\"twitter:card\" content=\"summary_large_image\" \/>\n<meta name=\"twitter:label1\" content=\"Est. reading time\" \/>\n\t<meta name=\"twitter:data1\" content=\"4 minutes\" \/>\n<script type=\"application\/ld+json\" class=\"yoast-schema-graph\">{\"@context\":\"https:\\\/\\\/schema.org\",\"@graph\":[{\"@type\":\"WebPage\",\"@id\":\"https:\\\/\\\/www.jmjevolution.com\\\/en\\\/partners\\\/\",\"url\":\"https:\\\/\\\/www.jmjevolution.com\\\/en\\\/partners\\\/\",\"name\":\"Partners - JMJ Evolution\",\"isPartOf\":{\"@id\":\"https:\\\/\\\/www.jmjevolution.com\\\/en\\\/#website\"},\"primaryImageOfPage\":{\"@id\":\"https:\\\/\\\/www.jmjevolution.com\\\/en\\\/partners\\\/#primaryimage\"},\"image\":{\"@id\":\"https:\\\/\\\/www.jmjevolution.com\\\/en\\\/partners\\\/#primaryimage\"},\"thumbnailUrl\":\"https:\\\/\\\/www.jmjevolution.com\\\/wp-content\\\/uploads\\\/2024\\\/03\\\/AdobeStock_658610022-scaled.jpeg\",\"datePublished\":\"2024-02-08T22:33:00+00:00\",\"dateModified\":\"2024-10-18T21:37:22+00:00\",\"breadcrumb\":{\"@id\":\"https:\\\/\\\/www.jmjevolution.com\\\/en\\\/partners\\\/#breadcrumb\"},\"inLanguage\":\"en-US\",\"potentialAction\":[{\"@type\":\"ReadAction\",\"target\":[\"https:\\\/\\\/www.jmjevolution.com\\\/en\\\/partners\\\/\"]}]},{\"@type\":\"ImageObject\",\"inLanguage\":\"en-US\",\"@id\":\"https:\\\/\\\/www.jmjevolution.com\\\/en\\\/partners\\\/#primaryimage\",\"url\":\"https:\\\/\\\/www.jmjevolution.com\\\/wp-content\\\/uploads\\\/2024\\\/03\\\/AdobeStock_658610022-scaled.jpeg\",\"contentUrl\":\"https:\\\/\\\/www.jmjevolution.com\\\/wp-content\\\/uploads\\\/2024\\\/03\\\/AdobeStock_658610022-scaled.jpeg\",\"width\":2560,\"height\":1435,\"caption\":\"une femme souriante travaillant \u00e0 l'a\u00e9roport, portant un uniforme et des \u00e9couteurs ou un \u00e9quipement de protection auditive de l'a\u00e9roport\"},{\"@type\":\"BreadcrumbList\",\"@id\":\"https:\\\/\\\/www.jmjevolution.com\\\/en\\\/partners\\\/#breadcrumb\",\"itemListElement\":[{\"@type\":\"ListItem\",\"position\":1,\"name\":\"Home\",\"item\":\"https:\\\/\\\/www.jmjevolution.com\\\/en\\\/\"},{\"@type\":\"ListItem\",\"position\":2,\"name\":\"Partners\"}]},{\"@type\":\"WebSite\",\"@id\":\"https:\\\/\\\/www.jmjevolution.com\\\/en\\\/#website\",\"url\":\"https:\\\/\\\/www.jmjevolution.com\\\/en\\\/\",\"name\":\"JMJ Evolution\",\"description\":\"\",\"publisher\":{\"@id\":\"https:\\\/\\\/www.jmjevolution.com\\\/en\\\/#organization\"},\"potentialAction\":[{\"@type\":\"SearchAction\",\"target\":{\"@type\":\"EntryPoint\",\"urlTemplate\":\"https:\\\/\\\/www.jmjevolution.com\\\/en\\\/?s={search_term_string}\"},\"query-input\":{\"@type\":\"PropertyValueSpecification\",\"valueRequired\":true,\"valueName\":\"search_term_string\"}}],\"inLanguage\":\"en-US\"},{\"@type\":\"Organization\",\"@id\":\"https:\\\/\\\/www.jmjevolution.com\\\/en\\\/#organization\",\"name\":\"JMJ Evolution\",\"url\":\"https:\\\/\\\/www.jmjevolution.com\\\/en\\\/\",\"logo\":{\"@type\":\"ImageObject\",\"inLanguage\":\"en-US\",\"@id\":\"https:\\\/\\\/www.jmjevolution.com\\\/en\\\/#\\\/schema\\\/logo\\\/image\\\/\",\"url\":\"https:\\\/\\\/www.jmjevolution.com\\\/wp-content\\\/uploads\\\/2024\\\/07\\\/JMJ_logo_fr.png\",\"contentUrl\":\"https:\\\/\\\/www.jmjevolution.com\\\/wp-content\\\/uploads\\\/2024\\\/07\\\/JMJ_logo_fr.png\",\"width\":314,\"height\":63,\"caption\":\"JMJ Evolution\"},\"image\":{\"@id\":\"https:\\\/\\\/www.jmjevolution.com\\\/en\\\/#\\\/schema\\\/logo\\\/image\\\/\"}}]}<\/script>\n<!-- \/ Yoast SEO plugin. -->","yoast_head_json":{"title":"Partners - JMJ Evolution","robots":{"index":"index","follow":"follow","max-snippet":"max-snippet:-1","max-image-preview":"max-image-preview:large","max-video-preview":"max-video-preview:-1"},"canonical":"https:\/\/www.jmjevolution.com\/en\/partners\/","og_locale":"en_US","og_type":"article","og_title":"Partners - JMJ Evolution","og_url":"https:\/\/www.jmjevolution.com\/en\/partners\/","og_site_name":"JMJ Evolution","article_modified_time":"2024-10-18T21:37:22+00:00","og_image":[{"width":2560,"height":1435,"url":"https:\/\/www.jmjevolution.com\/wp-content\/uploads\/2024\/03\/AdobeStock_658610022-scaled.jpeg","type":"image\/jpeg"}],"twitter_card":"summary_large_image","twitter_misc":{"Est. reading time":"4 minutes"},"schema":{"@context":"https:\/\/schema.org","@graph":[{"@type":"WebPage","@id":"https:\/\/www.jmjevolution.com\/en\/partners\/","url":"https:\/\/www.jmjevolution.com\/en\/partners\/","name":"Partners - JMJ Evolution","isPartOf":{"@id":"https:\/\/www.jmjevolution.com\/en\/#website"},"primaryImageOfPage":{"@id":"https:\/\/www.jmjevolution.com\/en\/partners\/#primaryimage"},"image":{"@id":"https:\/\/www.jmjevolution.com\/en\/partners\/#primaryimage"},"thumbnailUrl":"https:\/\/www.jmjevolution.com\/wp-content\/uploads\/2024\/03\/AdobeStock_658610022-scaled.jpeg","datePublished":"2024-02-08T22:33:00+00:00","dateModified":"2024-10-18T21:37:22+00:00","breadcrumb":{"@id":"https:\/\/www.jmjevolution.com\/en\/partners\/#breadcrumb"},"inLanguage":"en-US","potentialAction":[{"@type":"ReadAction","target":["https:\/\/www.jmjevolution.com\/en\/partners\/"]}]},{"@type":"ImageObject","inLanguage":"en-US","@id":"https:\/\/www.jmjevolution.com\/en\/partners\/#primaryimage","url":"https:\/\/www.jmjevolution.com\/wp-content\/uploads\/2024\/03\/AdobeStock_658610022-scaled.jpeg","contentUrl":"https:\/\/www.jmjevolution.com\/wp-content\/uploads\/2024\/03\/AdobeStock_658610022-scaled.jpeg","width":2560,"height":1435,"caption":"une femme souriante travaillant \u00e0 l'a\u00e9roport, portant un uniforme et des \u00e9couteurs ou un \u00e9quipement de protection auditive de l'a\u00e9roport"},{"@type":"BreadcrumbList","@id":"https:\/\/www.jmjevolution.com\/en\/partners\/#breadcrumb","itemListElement":[{"@type":"ListItem","position":1,"name":"Home","item":"https:\/\/www.jmjevolution.com\/en\/"},{"@type":"ListItem","position":2,"name":"Partners"}]},{"@type":"WebSite","@id":"https:\/\/www.jmjevolution.com\/en\/#website","url":"https:\/\/www.jmjevolution.com\/en\/","name":"JMJ Evolution","description":"","publisher":{"@id":"https:\/\/www.jmjevolution.com\/en\/#organization"},"potentialAction":[{"@type":"SearchAction","target":{"@type":"EntryPoint","urlTemplate":"https:\/\/www.jmjevolution.com\/en\/?s={search_term_string}"},"query-input":{"@type":"PropertyValueSpecification","valueRequired":true,"valueName":"search_term_string"}}],"inLanguage":"en-US"},{"@type":"Organization","@id":"https:\/\/www.jmjevolution.com\/en\/#organization","name":"JMJ Evolution","url":"https:\/\/www.jmjevolution.com\/en\/","logo":{"@type":"ImageObject","inLanguage":"en-US","@id":"https:\/\/www.jmjevolution.com\/en\/#\/schema\/logo\/image\/","url":"https:\/\/www.jmjevolution.com\/wp-content\/uploads\/2024\/07\/JMJ_logo_fr.png","contentUrl":"https:\/\/www.jmjevolution.com\/wp-content\/uploads\/2024\/07\/JMJ_logo_fr.png","width":314,"height":63,"caption":"JMJ Evolution"},"image":{"@id":"https:\/\/www.jmjevolution.com\/en\/#\/schema\/logo\/image\/"}}]}},"_links":{"self":[{"href":"https:\/\/www.jmjevolution.com\/en\/wp-json\/wp\/v2\/pages\/2920","targetHints":{"allow":["GET"]}}],"collection":[{"href":"https:\/\/www.jmjevolution.com\/en\/wp-json\/wp\/v2\/pages"}],"about":[{"href":"https:\/\/www.jmjevolution.com\/en\/wp-json\/wp\/v2\/types\/page"}],"author":[{"embeddable":true,"href":"https:\/\/www.jmjevolution.com\/en\/wp-json\/wp\/v2\/users\/1"}],"replies":[{"embeddable":true,"href":"https:\/\/www.jmjevolution.com\/en\/wp-json\/wp\/v2\/comments?post=2920"}],"version-history":[{"count":0,"href":"https:\/\/www.jmjevolution.com\/en\/wp-json\/wp\/v2\/pages\/2920\/revisions"}],"wp:featuredmedia":[{"embeddable":true,"href":"https:\/\/www.jmjevolution.com\/en\/wp-json\/wp\/v2\/media\/2861"}],"wp:attachment":[{"href":"https:\/\/www.jmjevolution.com\/en\/wp-json\/wp\/v2\/media?parent=2920"}],"curies":[{"name":"wp","href":"https:\/\/api.w.org\/{rel}","templated":true}]}}