{"id":1402,"date":"2024-03-07T10:52:02","date_gmt":"2024-03-07T15:52:02","guid":{"rendered":"https:\/\/www.jmjevolution.com\/about-us\/the-jmj-evolution-team\/"},"modified":"2024-10-28T19:11:12","modified_gmt":"2024-10-28T23:11:12","slug":"the-jmj-evolution-team","status":"publish","type":"page","link":"https:\/\/www.jmjevolution.com\/en\/about-us\/the-jmj-evolution-team\/","title":{"rendered":"The JMJ Evolution team"},"content":{"rendered":"\n<p>Une \u00e9quipe passionn\u00e9e au service de ses clients<\/p>\n\n\n\n<p>Fond\u00e9e en 1996 par Marie-Chantal Chass\u00e9, JMJ s&#8217;est impos\u00e9e comme un acteur incontournable sur le march\u00e9 concurrentiel de l&#8217;a\u00e9ronautique, en proposant des solutions humaines innovantes. Au fil des ann\u00e9es, l&#8217;entreprise est devenue un prolongement strat\u00e9gique du cycle de recrutement de ses partenaires, en r\u00e9pondant aux exigences \u00e9lev\u00e9es d\u2019un secteur reconnu pour ses standards de qualit\u00e9.<br><br>S&#8217;appuyant sur cette exp\u00e9rience pr\u00e9cieuse dans un environnement aussi comp\u00e9titif, la fondatrice lancera MC2Vision, une entreprise de coaching sp\u00e9cialis\u00e9e destin\u00e9e aux hauts dirigeants et entrepreneurs. Son objectif est de transmettre son savoir et ses comp\u00e9tences \u00e0 la nouvelle g\u00e9n\u00e9ration, tout en les accompagnant vers le succ\u00e8s. Parall\u00e8lement, elle continue d\u2019offrir du coaching aux chefs d&#8217;entreprise et occupe des postes au sein de plusieurs organisations influentes dans l\u2019industrie culturelle.<\/p>\n\n\n\n<p>Depuis quelques ann\u00e9es, c\u2019est Angelika Wojcik qui dirige l&#8217;entreprise. Elle a commenc\u00e9 sa carri\u00e8re chez JMJ, il y a plus de 20 ans, comme adjointe ex\u00e9cutive. Gr\u00e2ce \u00e0 son d\u00e9vouement et son professionnalisme, elle a gravi les \u00e9chelons, devenant vice-pr\u00e9sidente ex\u00e9cutive puis pr\u00e9sidente de JMJ. Angelika a su tracer sa propre voie dans le monde des affaires, exceller dans la gestion des comptes cl\u00e9s, et piloter les op\u00e9rations et les ressources humaines aux c\u00f4t\u00e9s de ma\u00eetres d\u2019\u0153uvre, d&#8217;int\u00e9grateurs et de PME. Son engagement ind\u00e9fectible a contribu\u00e9 aux succ\u00e8s de JMJ : jour apr\u00e8s jour, elle inspire l\u2019\u00e9quipe avec sa bonne humeur, son dynamisme et son esprit de collaboration, tout en r\u00e9ussissant \u00e0 maintenir un pr\u00e9cieux \u00e9quilibre entre travail et vie familiale.<\/p>\n\n\n\n<p>L&#8217;\u00e9quipe de JMJ est reconnue pour sa fiabilit\u00e9, son dynamisme et sa passion. Elle collabore \u00e9troitement avec ses clients pour comprendre leurs besoins sp\u00e9cifiques, et leur offre des solutions sur mesure qui favorisent la r\u00e9ussite de leurs op\u00e9rations. Compos\u00e9e de professionnels exp\u00e9riment\u00e9s, l\u2019\u00e9quipe de JMJ \u00c9volution met depuis des ann\u00e9es son expertise au service de ses clients. Elle se distingue par ses solutions de recrutement innovantes, \u00e9thiques et con\u00e7ues pour assurer une r\u00e9ussite durable.<\/p>\n","protected":false},"excerpt":{"rendered":"<p>Une \u00e9quipe passionn\u00e9e au service de ses clients Fond\u00e9e en 1996 par Marie-Chantal Chass\u00e9, JMJ s&#8217;est impos\u00e9e comme un acteur incontournable sur le march\u00e9 concurrentiel de l&#8217;a\u00e9ronautique, en proposant des solutions humaines innovantes. Au fil des ann\u00e9es, l&#8217;entreprise est devenue un prolongement strat\u00e9gique du cycle de recrutement de ses partenaires, en r\u00e9pondant aux exigences \u00e9lev\u00e9es [&hellip;]<\/p>\n","protected":false},"author":1,"featured_media":0,"parent":1390,"menu_order":0,"comment_status":"closed","ping_status":"closed","template":"","meta":{"_acf_changed":false,"_gspb_post_css":"","inline_featured_image":false,"footnotes":""},"class_list":["post-1402","page","type-page","status-publish","hentry"],"acf":[],"yoast_head":"<!-- This site is optimized with the Yoast SEO plugin v27.4 - https:\/\/yoast.com\/product\/yoast-seo-wordpress\/ -->\n<title>The JMJ Evolution team - JMJ Evolution<\/title>\n<meta name=\"robots\" content=\"index, follow, max-snippet:-1, max-image-preview:large, max-video-preview:-1\" \/>\n<link rel=\"canonical\" href=\"https:\/\/www.jmjevolution.com\/en\/about-us\/the-jmj-evolution-team\/\" \/>\n<meta property=\"og:locale\" content=\"en_US\" \/>\n<meta property=\"og:type\" content=\"article\" \/>\n<meta property=\"og:title\" content=\"The JMJ Evolution team - JMJ Evolution\" \/>\n<meta property=\"og:description\" content=\"Une \u00e9quipe passionn\u00e9e au service de ses clients Fond\u00e9e en 1996 par Marie-Chantal Chass\u00e9, JMJ s&#8217;est impos\u00e9e comme un acteur incontournable sur le march\u00e9 concurrentiel de l&#8217;a\u00e9ronautique, en proposant des solutions humaines innovantes. Au fil des ann\u00e9es, l&#8217;entreprise est devenue un prolongement strat\u00e9gique du cycle de recrutement de ses partenaires, en r\u00e9pondant aux exigences \u00e9lev\u00e9es [&hellip;]\" \/>\n<meta property=\"og:url\" content=\"https:\/\/www.jmjevolution.com\/en\/about-us\/the-jmj-evolution-team\/\" \/>\n<meta property=\"og:site_name\" content=\"JMJ Evolution\" \/>\n<meta property=\"article:modified_time\" content=\"2024-10-28T23:11:12+00:00\" \/>\n<meta name=\"twitter:card\" content=\"summary_large_image\" \/>\n<meta name=\"twitter:label1\" content=\"Est. reading time\" \/>\n\t<meta name=\"twitter:data1\" content=\"2 minutes\" \/>\n<script type=\"application\/ld+json\" class=\"yoast-schema-graph\">{\"@context\":\"https:\\\/\\\/schema.org\",\"@graph\":[{\"@type\":\"WebPage\",\"@id\":\"https:\\\/\\\/www.jmjevolution.com\\\/en\\\/about-us\\\/the-jmj-evolution-team\\\/\",\"url\":\"https:\\\/\\\/www.jmjevolution.com\\\/en\\\/about-us\\\/the-jmj-evolution-team\\\/\",\"name\":\"The JMJ Evolution team - JMJ Evolution\",\"isPartOf\":{\"@id\":\"https:\\\/\\\/www.jmjevolution.com\\\/en\\\/#website\"},\"datePublished\":\"2024-03-07T15:52:02+00:00\",\"dateModified\":\"2024-10-28T23:11:12+00:00\",\"breadcrumb\":{\"@id\":\"https:\\\/\\\/www.jmjevolution.com\\\/en\\\/about-us\\\/the-jmj-evolution-team\\\/#breadcrumb\"},\"inLanguage\":\"en-US\",\"potentialAction\":[{\"@type\":\"ReadAction\",\"target\":[\"https:\\\/\\\/www.jmjevolution.com\\\/en\\\/about-us\\\/the-jmj-evolution-team\\\/\"]}]},{\"@type\":\"BreadcrumbList\",\"@id\":\"https:\\\/\\\/www.jmjevolution.com\\\/en\\\/about-us\\\/the-jmj-evolution-team\\\/#breadcrumb\",\"itemListElement\":[{\"@type\":\"ListItem\",\"position\":1,\"name\":\"Home\",\"item\":\"https:\\\/\\\/www.jmjevolution.com\\\/en\\\/\"},{\"@type\":\"ListItem\",\"position\":2,\"name\":\"About us\",\"item\":\"https:\\\/\\\/www.jmjevolution.com\\\/en\\\/about-us\\\/\"},{\"@type\":\"ListItem\",\"position\":3,\"name\":\"The JMJ Evolution team\"}]},{\"@type\":\"WebSite\",\"@id\":\"https:\\\/\\\/www.jmjevolution.com\\\/en\\\/#website\",\"url\":\"https:\\\/\\\/www.jmjevolution.com\\\/en\\\/\",\"name\":\"JMJ Evolution\",\"description\":\"\",\"publisher\":{\"@id\":\"https:\\\/\\\/www.jmjevolution.com\\\/en\\\/#organization\"},\"potentialAction\":[{\"@type\":\"SearchAction\",\"target\":{\"@type\":\"EntryPoint\",\"urlTemplate\":\"https:\\\/\\\/www.jmjevolution.com\\\/en\\\/?s={search_term_string}\"},\"query-input\":{\"@type\":\"PropertyValueSpecification\",\"valueRequired\":true,\"valueName\":\"search_term_string\"}}],\"inLanguage\":\"en-US\"},{\"@type\":\"Organization\",\"@id\":\"https:\\\/\\\/www.jmjevolution.com\\\/en\\\/#organization\",\"name\":\"JMJ Evolution\",\"url\":\"https:\\\/\\\/www.jmjevolution.com\\\/en\\\/\",\"logo\":{\"@type\":\"ImageObject\",\"inLanguage\":\"en-US\",\"@id\":\"https:\\\/\\\/www.jmjevolution.com\\\/en\\\/#\\\/schema\\\/logo\\\/image\\\/\",\"url\":\"https:\\\/\\\/www.jmjevolution.com\\\/wp-content\\\/uploads\\\/2024\\\/07\\\/JMJ_logo_fr.png\",\"contentUrl\":\"https:\\\/\\\/www.jmjevolution.com\\\/wp-content\\\/uploads\\\/2024\\\/07\\\/JMJ_logo_fr.png\",\"width\":314,\"height\":63,\"caption\":\"JMJ Evolution\"},\"image\":{\"@id\":\"https:\\\/\\\/www.jmjevolution.com\\\/en\\\/#\\\/schema\\\/logo\\\/image\\\/\"}}]}<\/script>\n<!-- \/ Yoast SEO plugin. -->","yoast_head_json":{"title":"The JMJ Evolution team - JMJ Evolution","robots":{"index":"index","follow":"follow","max-snippet":"max-snippet:-1","max-image-preview":"max-image-preview:large","max-video-preview":"max-video-preview:-1"},"canonical":"https:\/\/www.jmjevolution.com\/en\/about-us\/the-jmj-evolution-team\/","og_locale":"en_US","og_type":"article","og_title":"The JMJ Evolution team - JMJ Evolution","og_description":"Une \u00e9quipe passionn\u00e9e au service de ses clients Fond\u00e9e en 1996 par Marie-Chantal Chass\u00e9, JMJ s&#8217;est impos\u00e9e comme un acteur incontournable sur le march\u00e9 concurrentiel de l&#8217;a\u00e9ronautique, en proposant des solutions humaines innovantes. Au fil des ann\u00e9es, l&#8217;entreprise est devenue un prolongement strat\u00e9gique du cycle de recrutement de ses partenaires, en r\u00e9pondant aux exigences \u00e9lev\u00e9es [&hellip;]","og_url":"https:\/\/www.jmjevolution.com\/en\/about-us\/the-jmj-evolution-team\/","og_site_name":"JMJ Evolution","article_modified_time":"2024-10-28T23:11:12+00:00","twitter_card":"summary_large_image","twitter_misc":{"Est. reading time":"2 minutes"},"schema":{"@context":"https:\/\/schema.org","@graph":[{"@type":"WebPage","@id":"https:\/\/www.jmjevolution.com\/en\/about-us\/the-jmj-evolution-team\/","url":"https:\/\/www.jmjevolution.com\/en\/about-us\/the-jmj-evolution-team\/","name":"The JMJ Evolution team - JMJ Evolution","isPartOf":{"@id":"https:\/\/www.jmjevolution.com\/en\/#website"},"datePublished":"2024-03-07T15:52:02+00:00","dateModified":"2024-10-28T23:11:12+00:00","breadcrumb":{"@id":"https:\/\/www.jmjevolution.com\/en\/about-us\/the-jmj-evolution-team\/#breadcrumb"},"inLanguage":"en-US","potentialAction":[{"@type":"ReadAction","target":["https:\/\/www.jmjevolution.com\/en\/about-us\/the-jmj-evolution-team\/"]}]},{"@type":"BreadcrumbList","@id":"https:\/\/www.jmjevolution.com\/en\/about-us\/the-jmj-evolution-team\/#breadcrumb","itemListElement":[{"@type":"ListItem","position":1,"name":"Home","item":"https:\/\/www.jmjevolution.com\/en\/"},{"@type":"ListItem","position":2,"name":"About us","item":"https:\/\/www.jmjevolution.com\/en\/about-us\/"},{"@type":"ListItem","position":3,"name":"The JMJ Evolution team"}]},{"@type":"WebSite","@id":"https:\/\/www.jmjevolution.com\/en\/#website","url":"https:\/\/www.jmjevolution.com\/en\/","name":"JMJ Evolution","description":"","publisher":{"@id":"https:\/\/www.jmjevolution.com\/en\/#organization"},"potentialAction":[{"@type":"SearchAction","target":{"@type":"EntryPoint","urlTemplate":"https:\/\/www.jmjevolution.com\/en\/?s={search_term_string}"},"query-input":{"@type":"PropertyValueSpecification","valueRequired":true,"valueName":"search_term_string"}}],"inLanguage":"en-US"},{"@type":"Organization","@id":"https:\/\/www.jmjevolution.com\/en\/#organization","name":"JMJ Evolution","url":"https:\/\/www.jmjevolution.com\/en\/","logo":{"@type":"ImageObject","inLanguage":"en-US","@id":"https:\/\/www.jmjevolution.com\/en\/#\/schema\/logo\/image\/","url":"https:\/\/www.jmjevolution.com\/wp-content\/uploads\/2024\/07\/JMJ_logo_fr.png","contentUrl":"https:\/\/www.jmjevolution.com\/wp-content\/uploads\/2024\/07\/JMJ_logo_fr.png","width":314,"height":63,"caption":"JMJ Evolution"},"image":{"@id":"https:\/\/www.jmjevolution.com\/en\/#\/schema\/logo\/image\/"}}]}},"_links":{"self":[{"href":"https:\/\/www.jmjevolution.com\/en\/wp-json\/wp\/v2\/pages\/1402","targetHints":{"allow":["GET"]}}],"collection":[{"href":"https:\/\/www.jmjevolution.com\/en\/wp-json\/wp\/v2\/pages"}],"about":[{"href":"https:\/\/www.jmjevolution.com\/en\/wp-json\/wp\/v2\/types\/page"}],"author":[{"embeddable":true,"href":"https:\/\/www.jmjevolution.com\/en\/wp-json\/wp\/v2\/users\/1"}],"replies":[{"embeddable":true,"href":"https:\/\/www.jmjevolution.com\/en\/wp-json\/wp\/v2\/comments?post=1402"}],"version-history":[{"count":0,"href":"https:\/\/www.jmjevolution.com\/en\/wp-json\/wp\/v2\/pages\/1402\/revisions"}],"up":[{"embeddable":true,"href":"https:\/\/www.jmjevolution.com\/en\/wp-json\/wp\/v2\/pages\/1390"}],"wp:attachment":[{"href":"https:\/\/www.jmjevolution.com\/en\/wp-json\/wp\/v2\/media?parent=1402"}],"curies":[{"name":"wp","href":"https:\/\/api.w.org\/{rel}","templated":true}]}}